{"id":1881,"date":"2023-03-13T10:28:05","date_gmt":"2023-03-13T07:28:05","guid":{"rendered":"https:\/\/thess-odiki.gr\/?page_id=1881"},"modified":"2023-03-13T10:29:08","modified_gmt":"2023-03-13T07:29:08","slug":"karvan","status":"publish","type":"page","link":"https:\/\/thess-odiki.gr\/sq\/karvan\/","title":{"rendered":"Karvan"},"content":{"rendered":"\t\t<div data-elementor-type=\"wp-page\" data-elementor-id=\"1881\" class=\"elementor elementor-1881 elementor-360\" data-elementor-post-type=\"page\">\n\t\t\t\t\t\t<section class=\"elementor-section elementor-top-section elementor-element elementor-element-6fa3ab9 elementor-section-boxed elementor-section-height-default elementor-section-height-default\" data-id=\"6fa3ab9\" data-element_type=\"section\" data-e-type=\"section\">\n\t\t\t\t\t\t<div class=\"elementor-container elementor-column-gap-default\">\n\t\t\t\t\t<div class=\"elementor-column elementor-col-100 elementor-top-column elementor-element elementor-element-5792553\" data-id=\"5792553\" data-element_type=\"column\" data-e-type=\"column\">\n\t\t\t<div class=\"elementor-widget-wrap elementor-element-populated\">\n\t\t\t\t\t\t<div class=\"elementor-element elementor-element-b58a898 elementor-widget elementor-widget-heading\" data-id=\"b58a898\" data-element_type=\"widget\" data-e-type=\"widget\" data-widget_type=\"heading.default\">\n\t\t\t\t<div class=\"elementor-widget-container\">\n\t\t\t\t\t<h2 class=\"elementor-heading-title elementor-size-default\">Transporti - Vendosja e nj\u00eb Karvani<\/h2>\t\t\t\t<\/div>\n\t\t\t\t<\/div>\n\t\t\t\t<div class=\"elementor-element elementor-element-396e60b elementor-widget elementor-widget-text-editor\" data-id=\"396e60b\" data-element_type=\"widget\" data-e-type=\"widget\" data-widget_type=\"text-editor.default\">\n\t\t\t\t<div class=\"elementor-widget-container\">\n\t\t\t\t\t\t\t\t\t<p>Ne marrim p\u00ebrsip\u00ebr transportin dhe vendosjen e sigurt t\u00eb karvanit tuaj n\u00ebse e lejojn\u00eb kushtet (p\u00ebr karvan\u00ebt deri n\u00eb 8 metra). T\u00eb gjitha standardet e siguris\u00eb jan\u00eb p\u00ebrmbushur.<\/p>\t\t\t\t\t\t\t\t<\/div>\n\t\t\t\t<\/div>\n\t\t\t\t\t<\/div>\n\t\t<\/div>\n\t\t\t\t\t<\/div>\n\t\t<\/section>\n\t\t\t\t<section class=\"elementor-section elementor-top-section elementor-element elementor-element-cb5ea49 elementor-section-boxed elementor-section-height-default elementor-section-height-default\" data-id=\"cb5ea49\" data-element_type=\"section\" data-e-type=\"section\">\n\t\t\t\t\t\t<div class=\"elementor-container elementor-column-gap-default\">\n\t\t\t\t\t<div class=\"elementor-column elementor-col-100 elementor-top-column elementor-element elementor-element-8b3e750\" data-id=\"8b3e750\" data-element_type=\"column\" data-e-type=\"column\">\n\t\t\t<div class=\"elementor-widget-wrap elementor-element-populated\">\n\t\t\t\t\t\t<div class=\"elementor-element elementor-element-b83feaa elementor-widget elementor-widget-gallery\" data-id=\"b83feaa\" data-element_type=\"widget\" data-e-type=\"widget\" data-settings=\"{&quot;columns&quot;:3,&quot;lazyload&quot;:&quot;yes&quot;,&quot;gallery_layout&quot;:&quot;grid&quot;,&quot;columns_tablet&quot;:2,&quot;columns_mobile&quot;:1,&quot;gap&quot;:{&quot;unit&quot;:&quot;px&quot;,&quot;size&quot;:10,&quot;sizes&quot;:[]},&quot;gap_tablet&quot;:{&quot;unit&quot;:&quot;px&quot;,&quot;size&quot;:10,&quot;sizes&quot;:[]},&quot;gap_mobile&quot;:{&quot;unit&quot;:&quot;px&quot;,&quot;size&quot;:10,&quot;sizes&quot;:[]},&quot;link_to&quot;:&quot;file&quot;,&quot;aspect_ratio&quot;:&quot;3:2&quot;,&quot;overlay_background&quot;:&quot;yes&quot;,&quot;content_hover_animation&quot;:&quot;fade-in&quot;}\" data-widget_type=\"gallery.default\">\n\t\t\t\t<div class=\"elementor-widget-container\">\n\t\t\t\t\t\t\t<div class=\"elementor-gallery__container\">\n\t\t\t\t\t\t\t<a class=\"e-gallery-item elementor-gallery-item elementor-animated-content\" href=\"https:\/\/thess-odiki.gr\/wp-content\/uploads\/2022\/10\/THESS-ODIKI-TROXOSPITA-2.jpg\" data-elementor-open-lightbox=\"yes\" data-elementor-lightbox-slideshow=\"b83feaa\" data-e-action-hash=\"#elementor-action%3Aaction%3Dlightbox%26settings%3DeyJpZCI6MTcxNiwidXJsIjoiaHR0cHM6XC9cL3RoZXNzLW9kaWtpLmdyXC93cC1jb250ZW50XC91cGxvYWRzXC8yMDIyXC8xMFwvVEhFU1MtT0RJS0ktVFJPWE9TUElUQS0yLmpwZyIsInNsaWRlc2hvdyI6ImI4M2ZlYWEifQ%3D%3D\">\n\t\t\t\t\t<div class=\"e-gallery-image elementor-gallery-item__image\" data-thumbnail=\"https:\/\/thess-odiki.gr\/wp-content\/uploads\/2022\/10\/THESS-ODIKI-TROXOSPITA-2-700x394.jpg\" data-width=\"700\" data-height=\"394\" aria-label=\"\" role=\"img\" ><\/div>\n\t\t\t\t\t\t\t\t\t\t\t<div class=\"elementor-gallery-item__overlay\"><\/div>\n\t\t\t\t\t\t\t\t\t\t\t\t\t\t<\/a>\n\t\t\t\t\t\t\t<a class=\"e-gallery-item elementor-gallery-item elementor-animated-content\" href=\"https:\/\/thess-odiki.gr\/wp-content\/uploads\/2022\/10\/THESS-ODIKI-TROXOSPITA-3.jpg\" data-elementor-open-lightbox=\"yes\" data-elementor-lightbox-slideshow=\"b83feaa\" data-e-action-hash=\"#elementor-action%3Aaction%3Dlightbox%26settings%3DeyJpZCI6MTcxNywidXJsIjoiaHR0cHM6XC9cL3RoZXNzLW9kaWtpLmdyXC93cC1jb250ZW50XC91cGxvYWRzXC8yMDIyXC8xMFwvVEhFU1MtT0RJS0ktVFJPWE9TUElUQS0zLmpwZyIsInNsaWRlc2hvdyI6ImI4M2ZlYWEifQ%3D%3D\">\n\t\t\t\t\t<div class=\"e-gallery-image elementor-gallery-item__image\" data-thumbnail=\"https:\/\/thess-odiki.gr\/wp-content\/uploads\/2022\/10\/THESS-ODIKI-TROXOSPITA-3-700x394.jpg\" data-width=\"700\" data-height=\"394\" aria-label=\"\" role=\"img\" ><\/div>\n\t\t\t\t\t\t\t\t\t\t\t<div class=\"elementor-gallery-item__overlay\"><\/div>\n\t\t\t\t\t\t\t\t\t\t\t\t\t\t<\/a>\n\t\t\t\t\t\t\t<a class=\"e-gallery-item elementor-gallery-item elementor-animated-content\" href=\"https:\/\/thess-odiki.gr\/wp-content\/uploads\/2022\/10\/THESS-ODIKI-TROXOSPITA-4.jpg\" data-elementor-open-lightbox=\"yes\" data-elementor-lightbox-slideshow=\"b83feaa\" data-e-action-hash=\"#elementor-action%3Aaction%3Dlightbox%26settings%3DeyJpZCI6MTcxOCwidXJsIjoiaHR0cHM6XC9cL3RoZXNzLW9kaWtpLmdyXC93cC1jb250ZW50XC91cGxvYWRzXC8yMDIyXC8xMFwvVEhFU1MtT0RJS0ktVFJPWE9TUElUQS00LmpwZyIsInNsaWRlc2hvdyI6ImI4M2ZlYWEifQ%3D%3D\">\n\t\t\t\t\t<div class=\"e-gallery-image elementor-gallery-item__image\" data-thumbnail=\"https:\/\/thess-odiki.gr\/wp-content\/uploads\/2022\/10\/THESS-ODIKI-TROXOSPITA-4-700x394.jpg\" data-width=\"700\" data-height=\"394\" aria-label=\"\" role=\"img\" ><\/div>\n\t\t\t\t\t\t\t\t\t\t\t<div class=\"elementor-gallery-item__overlay\"><\/div>\n\t\t\t\t\t\t\t\t\t\t\t\t\t\t<\/a>\n\t\t\t\t\t\t\t<a class=\"e-gallery-item elementor-gallery-item elementor-animated-content\" href=\"https:\/\/thess-odiki.gr\/wp-content\/uploads\/2022\/10\/THESS-ODIKI-TROXOSPITA-5.jpg\" data-elementor-open-lightbox=\"yes\" data-elementor-lightbox-slideshow=\"b83feaa\" data-e-action-hash=\"#elementor-action%3Aaction%3Dlightbox%26settings%3DeyJpZCI6MTcxOSwidXJsIjoiaHR0cHM6XC9cL3RoZXNzLW9kaWtpLmdyXC93cC1jb250ZW50XC91cGxvYWRzXC8yMDIyXC8xMFwvVEhFU1MtT0RJS0ktVFJPWE9TUElUQS01LmpwZyIsInNsaWRlc2hvdyI6ImI4M2ZlYWEifQ%3D%3D\">\n\t\t\t\t\t<div class=\"e-gallery-image elementor-gallery-item__image\" data-thumbnail=\"https:\/\/thess-odiki.gr\/wp-content\/uploads\/2022\/10\/THESS-ODIKI-TROXOSPITA-5-525x394.jpg\" data-width=\"525\" data-height=\"394\" aria-label=\"\" role=\"img\" ><\/div>\n\t\t\t\t\t\t\t\t\t\t\t<div class=\"elementor-gallery-item__overlay\"><\/div>\n\t\t\t\t\t\t\t\t\t\t\t\t\t\t<\/a>\n\t\t\t\t\t\t\t<a class=\"e-gallery-item elementor-gallery-item elementor-animated-content\" href=\"https:\/\/thess-odiki.gr\/wp-content\/uploads\/2022\/10\/THESS-ODIKI-TROXOSPITA-7.jpg\" data-elementor-open-lightbox=\"yes\" data-elementor-lightbox-slideshow=\"b83feaa\" data-e-action-hash=\"#elementor-action%3Aaction%3Dlightbox%26settings%3DeyJpZCI6MTcyMCwidXJsIjoiaHR0cHM6XC9cL3RoZXNzLW9kaWtpLmdyXC93cC1jb250ZW50XC91cGxvYWRzXC8yMDIyXC8xMFwvVEhFU1MtT0RJS0ktVFJPWE9TUElUQS03LmpwZyIsInNsaWRlc2hvdyI6ImI4M2ZlYWEifQ%3D%3D\">\n\t\t\t\t\t<div class=\"e-gallery-image elementor-gallery-item__image\" data-thumbnail=\"https:\/\/thess-odiki.gr\/wp-content\/uploads\/2022\/10\/THESS-ODIKI-TROXOSPITA-7-700x394.jpg\" data-width=\"700\" data-height=\"394\" aria-label=\"\" role=\"img\" ><\/div>\n\t\t\t\t\t\t\t\t\t\t\t<div class=\"elementor-gallery-item__overlay\"><\/div>\n\t\t\t\t\t\t\t\t\t\t\t\t\t\t<\/a>\n\t\t\t\t\t\t\t<a class=\"e-gallery-item elementor-gallery-item elementor-animated-content\" href=\"https:\/\/thess-odiki.gr\/wp-content\/uploads\/2022\/10\/THESS-ODIKI-TROXOSPITA-9.jpg\" data-elementor-open-lightbox=\"yes\" data-elementor-lightbox-slideshow=\"b83feaa\" data-e-action-hash=\"#elementor-action%3Aaction%3Dlightbox%26settings%3DeyJpZCI6MTcyMSwidXJsIjoiaHR0cHM6XC9cL3RoZXNzLW9kaWtpLmdyXC93cC1jb250ZW50XC91cGxvYWRzXC8yMDIyXC8xMFwvVEhFU1MtT0RJS0ktVFJPWE9TUElUQS05LmpwZyIsInNsaWRlc2hvdyI6ImI4M2ZlYWEifQ%3D%3D\">\n\t\t\t\t\t<div class=\"e-gallery-image elementor-gallery-item__image\" data-thumbnail=\"https:\/\/thess-odiki.gr\/wp-content\/uploads\/2022\/10\/THESS-ODIKI-TROXOSPITA-9-700x394.jpg\" data-width=\"700\" data-height=\"394\" aria-label=\"\" role=\"img\" ><\/div>\n\t\t\t\t\t\t\t\t\t\t\t<div class=\"elementor-gallery-item__overlay\"><\/div>\n\t\t\t\t\t\t\t\t\t\t\t\t\t\t<\/a>\n\t\t\t\t\t<\/div>\n\t\t\t\t\t<\/div>\n\t\t\t\t<\/div>\n\t\t\t\t\t<\/div>\n\t\t<\/div>\n\t\t\t\t\t<\/div>\n\t\t<\/section>\n\t\t\t\t<\/div>\n\t\t","protected":false},"excerpt":{"rendered":"<p>Transporti &#8211; Vendosja e nj\u00eb Karvani Ne marrim p\u00ebrsip\u00ebr transportin dhe vendosjen e sigurt t\u00eb karvanit tuaj n\u00ebse e lejojn\u00eb kushtet (p\u00ebr karvan\u00ebt deri n\u00eb 8 metra). T\u00eb gjitha standardet e siguris\u00eb jan\u00eb p\u00ebrmbushur.<\/p>\n","protected":false},"author":1,"featured_media":1717,"parent":0,"menu_order":0,"comment_status":"closed","ping_status":"closed","template":"","meta":{"site-sidebar-layout":"no-sidebar","site-content-layout":"page-builder","ast-site-content-layout":"default","site-content-style":"default","site-sidebar-style":"default","ast-global-header-display":"","ast-banner-title-visibility":"","ast-main-header-display":"","ast-hfb-above-header-display":"","ast-hfb-below-header-display":"","ast-hfb-mobile-header-display":"","site-post-title":"disabled","ast-breadcrumbs-content":"","ast-featured-img":"disabled","footer-sml-layout":"","theme-transparent-header-meta":"default","adv-header-id-meta":"","stick-header-meta":"","header-above-stick-meta":"","header-main-stick-meta":"","header-below-stick-meta":"","astra-migrate-meta-layouts":"default","ast-page-background-enabled":"default","ast-page-background-meta":{"desktop":{"background-color":"var(--ast-global-color-4)","background-image":"","background-repeat":"repeat","background-position":"center center","background-size":"auto","background-attachment":"scroll","background-type":"","background-media":"","overlay-type":"","overlay-color":"","overlay-opacity":"","overlay-gradient":""},"tablet":{"background-color":"","background-image":"","background-repeat":"repeat","background-position":"center center","background-size":"auto","background-attachment":"scroll","background-type":"","background-media":"","overlay-type":"","overlay-color":"","overlay-opacity":"","overlay-gradient":""},"mobile":{"background-color":"","background-image":"","background-repeat":"repeat","background-position":"center center","background-size":"auto","background-attachment":"scroll","background-type":"","background-media":"","overlay-type":"","overlay-color":"","overlay-opacity":"","overlay-gradient":""}},"ast-content-background-meta":{"desktop":{"background-color":"var(--ast-global-color-5)","background-image":"","background-repeat":"repeat","background-position":"center center","background-size":"auto","background-attachment":"scroll","background-type":"","background-media":"","overlay-type":"","overlay-color":"","overlay-opacity":"","overlay-gradient":""},"tablet":{"background-color":"var(--ast-global-color-5)","background-image":"","background-repeat":"repeat","background-position":"center center","background-size":"auto","background-attachment":"scroll","background-type":"","background-media":"","overlay-type":"","overlay-color":"","overlay-opacity":"","overlay-gradient":""},"mobile":{"background-color":"var(--ast-global-color-5)","background-image":"","background-repeat":"repeat","background-position":"center center","background-size":"auto","background-attachment":"scroll","background-type":"","background-media":"","overlay-type":"","overlay-color":"","overlay-opacity":"","overlay-gradient":""}},"footnotes":""},"class_list":["post-1881","page","type-page","status-publish","has-post-thumbnail","hentry"],"_links":{"self":[{"href":"https:\/\/thess-odiki.gr\/sq\/wp-json\/wp\/v2\/pages\/1881","targetHints":{"allow":["GET"]}}],"collection":[{"href":"https:\/\/thess-odiki.gr\/sq\/wp-json\/wp\/v2\/pages"}],"about":[{"href":"https:\/\/thess-odiki.gr\/sq\/wp-json\/wp\/v2\/types\/page"}],"author":[{"embeddable":true,"href":"https:\/\/thess-odiki.gr\/sq\/wp-json\/wp\/v2\/users\/1"}],"replies":[{"embeddable":true,"href":"https:\/\/thess-odiki.gr\/sq\/wp-json\/wp\/v2\/comments?post=1881"}],"version-history":[{"count":4,"href":"https:\/\/thess-odiki.gr\/sq\/wp-json\/wp\/v2\/pages\/1881\/revisions"}],"predecessor-version":[{"id":1885,"href":"https:\/\/thess-odiki.gr\/sq\/wp-json\/wp\/v2\/pages\/1881\/revisions\/1885"}],"wp:featuredmedia":[{"embeddable":true,"href":"https:\/\/thess-odiki.gr\/sq\/wp-json\/wp\/v2\/media\/1717"}],"wp:attachment":[{"href":"https:\/\/thess-odiki.gr\/sq\/wp-json\/wp\/v2\/media?parent=1881"}],"curies":[{"name":"wp","href":"https:\/\/api.w.org\/{rel}","templated":true}]}}