{"id":1840,"date":"2023-03-13T09:53:46","date_gmt":"2023-03-13T06:53:46","guid":{"rendered":"https:\/\/thess-odiki.gr\/?page_id=1840"},"modified":"2023-03-13T10:01:13","modified_gmt":"2023-03-13T07:01:13","slug":"super-makina","status":"publish","type":"page","link":"https:\/\/thess-odiki.gr\/sq\/super-makina\/","title":{"rendered":"Super Makina"},"content":{"rendered":"\t\t<div data-elementor-type=\"wp-page\" data-elementor-id=\"1840\" class=\"elementor elementor-1840 elementor-343\" data-elementor-post-type=\"page\">\n\t\t\t\t\t\t<section class=\"elementor-section elementor-top-section elementor-element elementor-element-7b15f76 elementor-section-boxed elementor-section-height-default elementor-section-height-default\" data-id=\"7b15f76\" data-element_type=\"section\" data-e-type=\"section\">\n\t\t\t\t\t\t<div class=\"elementor-container elementor-column-gap-default\">\n\t\t\t\t\t<div class=\"elementor-column elementor-col-100 elementor-top-column elementor-element elementor-element-0e515d6\" data-id=\"0e515d6\" data-element_type=\"column\" data-e-type=\"column\">\n\t\t\t<div class=\"elementor-widget-wrap elementor-element-populated\">\n\t\t\t\t\t\t<div class=\"elementor-element elementor-element-015b44e elementor-widget elementor-widget-heading\" data-id=\"015b44e\" data-element_type=\"widget\" data-e-type=\"widget\" data-widget_type=\"heading.default\">\n\t\t\t\t<div class=\"elementor-widget-container\">\n\t\t\t\t\t<h2 class=\"elementor-heading-title elementor-size-default\">Transport Super Makinash dhe Ngarkim i Sigurt i Mjeteve t\u00eb ul\u00ebta<\/h2>\t\t\t\t<\/div>\n\t\t\t\t<\/div>\n\t\t\t\t<div class=\"elementor-element elementor-element-84aabb1 elementor-widget elementor-widget-text-editor\" data-id=\"84aabb1\" data-element_type=\"widget\" data-e-type=\"widget\" data-widget_type=\"text-editor.default\">\n\t\t\t\t<div class=\"elementor-widget-container\">\n\t\t\t\t\t\t\t\t\t<p>Ne marrim p\u00ebrsip\u00ebr transportin e super makinave dhe makinave luksoze n\u00eb m\u00ebnyr\u00eb t\u00eb sigurt dhe t\u00eb vazhdueshme. Ne kemi nj\u00eb platform\u00eb t\u00eb ve\u00e7ant\u00eb p\u00ebr ngarkimin e automjeteve t\u00eb ul\u00ebta p\u00ebr t\u00eb shmangur situatat e papritura.<\/p>\t\t\t\t\t\t\t\t<\/div>\n\t\t\t\t<\/div>\n\t\t\t\t\t<\/div>\n\t\t<\/div>\n\t\t\t\t\t<\/div>\n\t\t<\/section>\n\t\t\t\t<section class=\"elementor-section elementor-top-section elementor-element elementor-element-723f045 elementor-section-boxed elementor-section-height-default elementor-section-height-default\" data-id=\"723f045\" data-element_type=\"section\" data-e-type=\"section\">\n\t\t\t\t\t\t<div class=\"elementor-container elementor-column-gap-default\">\n\t\t\t\t\t<div class=\"elementor-column elementor-col-100 elementor-top-column elementor-element elementor-element-fe003ea\" data-id=\"fe003ea\" data-element_type=\"column\" data-e-type=\"column\">\n\t\t\t<div class=\"elementor-widget-wrap elementor-element-populated\">\n\t\t\t\t\t\t<div class=\"elementor-element elementor-element-e1be442 elementor-widget elementor-widget-gallery\" data-id=\"e1be442\" data-element_type=\"widget\" data-e-type=\"widget\" data-settings=\"{&quot;columns&quot;:3,&quot;lazyload&quot;:&quot;yes&quot;,&quot;gallery_layout&quot;:&quot;grid&quot;,&quot;columns_tablet&quot;:2,&quot;columns_mobile&quot;:1,&quot;gap&quot;:{&quot;unit&quot;:&quot;px&quot;,&quot;size&quot;:10,&quot;sizes&quot;:[]},&quot;gap_tablet&quot;:{&quot;unit&quot;:&quot;px&quot;,&quot;size&quot;:10,&quot;sizes&quot;:[]},&quot;gap_mobile&quot;:{&quot;unit&quot;:&quot;px&quot;,&quot;size&quot;:10,&quot;sizes&quot;:[]},&quot;link_to&quot;:&quot;file&quot;,&quot;aspect_ratio&quot;:&quot;3:2&quot;,&quot;overlay_background&quot;:&quot;yes&quot;,&quot;content_hover_animation&quot;:&quot;fade-in&quot;}\" data-widget_type=\"gallery.default\">\n\t\t\t\t<div class=\"elementor-widget-container\">\n\t\t\t\t\t\t\t<div class=\"elementor-gallery__container\">\n\t\t\t\t\t\t\t<a class=\"e-gallery-item elementor-gallery-item elementor-animated-content\" href=\"https:\/\/thess-odiki.gr\/wp-content\/uploads\/2022\/10\/odiki-voitheia-thessaloniki-porche.jpg\" data-elementor-open-lightbox=\"yes\" data-elementor-lightbox-slideshow=\"e1be442\" data-e-action-hash=\"#elementor-action%3Aaction%3Dlightbox%26settings%3DeyJpZCI6MTc0OCwidXJsIjoiaHR0cHM6XC9cL3RoZXNzLW9kaWtpLmdyXC93cC1jb250ZW50XC91cGxvYWRzXC8yMDIyXC8xMFwvb2Rpa2ktdm9pdGhlaWEtdGhlc3NhbG9uaWtpLXBvcmNoZS5qcGciLCJzbGlkZXNob3ciOiJlMWJlNDQyIn0%3D\">\n\t\t\t\t\t<div class=\"e-gallery-image elementor-gallery-item__image\" data-thumbnail=\"https:\/\/thess-odiki.gr\/wp-content\/uploads\/2022\/10\/odiki-voitheia-thessaloniki-porche-700x394.jpg\" data-width=\"700\" data-height=\"394\" aria-label=\"\" role=\"img\" ><\/div>\n\t\t\t\t\t\t\t\t\t\t\t<div class=\"elementor-gallery-item__overlay\"><\/div>\n\t\t\t\t\t\t\t\t\t\t\t\t\t\t<\/a>\n\t\t\t\t\t\t\t<a class=\"e-gallery-item elementor-gallery-item elementor-animated-content\" href=\"https:\/\/thess-odiki.gr\/wp-content\/uploads\/2022\/10\/THESS-ODIKI-SUPER-CARS-2.jpg\" data-elementor-open-lightbox=\"yes\" data-elementor-lightbox-slideshow=\"e1be442\" data-e-action-hash=\"#elementor-action%3Aaction%3Dlightbox%26settings%3DeyJpZCI6MTcxMSwidXJsIjoiaHR0cHM6XC9cL3RoZXNzLW9kaWtpLmdyXC93cC1jb250ZW50XC91cGxvYWRzXC8yMDIyXC8xMFwvVEhFU1MtT0RJS0ktU1VQRVItQ0FSUy0yLmpwZyIsInNsaWRlc2hvdyI6ImUxYmU0NDIifQ%3D%3D\">\n\t\t\t\t\t<div class=\"e-gallery-image elementor-gallery-item__image\" data-thumbnail=\"https:\/\/thess-odiki.gr\/wp-content\/uploads\/2022\/10\/THESS-ODIKI-SUPER-CARS-2-700x394.jpg\" data-width=\"700\" data-height=\"394\" aria-label=\"\" role=\"img\" ><\/div>\n\t\t\t\t\t\t\t\t\t\t\t<div class=\"elementor-gallery-item__overlay\"><\/div>\n\t\t\t\t\t\t\t\t\t\t\t\t\t\t<\/a>\n\t\t\t\t\t\t\t<a class=\"e-gallery-item elementor-gallery-item elementor-animated-content\" href=\"https:\/\/thess-odiki.gr\/wp-content\/uploads\/2022\/10\/THESS-ODIKI-SUPER-CARS-5.jpg\" data-elementor-open-lightbox=\"yes\" data-elementor-lightbox-slideshow=\"e1be442\" data-e-action-hash=\"#elementor-action%3Aaction%3Dlightbox%26settings%3DeyJpZCI6MTcxNCwidXJsIjoiaHR0cHM6XC9cL3RoZXNzLW9kaWtpLmdyXC93cC1jb250ZW50XC91cGxvYWRzXC8yMDIyXC8xMFwvVEhFU1MtT0RJS0ktU1VQRVItQ0FSUy01LmpwZyIsInNsaWRlc2hvdyI6ImUxYmU0NDIifQ%3D%3D\">\n\t\t\t\t\t<div class=\"e-gallery-image elementor-gallery-item__image\" data-thumbnail=\"https:\/\/thess-odiki.gr\/wp-content\/uploads\/2022\/10\/THESS-ODIKI-SUPER-CARS-5-700x394.jpg\" data-width=\"700\" data-height=\"394\" aria-label=\"\" role=\"img\" ><\/div>\n\t\t\t\t\t\t\t\t\t\t\t<div class=\"elementor-gallery-item__overlay\"><\/div>\n\t\t\t\t\t\t\t\t\t\t\t\t\t\t<\/a>\n\t\t\t\t\t\t\t<a class=\"e-gallery-item elementor-gallery-item elementor-animated-content\" href=\"https:\/\/thess-odiki.gr\/wp-content\/uploads\/2022\/10\/THESS-ODIKI-SUPER-CARS-6.jpg\" data-elementor-open-lightbox=\"yes\" data-elementor-lightbox-slideshow=\"e1be442\" data-e-action-hash=\"#elementor-action%3Aaction%3Dlightbox%26settings%3DeyJpZCI6MTcxNSwidXJsIjoiaHR0cHM6XC9cL3RoZXNzLW9kaWtpLmdyXC93cC1jb250ZW50XC91cGxvYWRzXC8yMDIyXC8xMFwvVEhFU1MtT0RJS0ktU1VQRVItQ0FSUy02LmpwZyIsInNsaWRlc2hvdyI6ImUxYmU0NDIifQ%3D%3D\">\n\t\t\t\t\t<div class=\"e-gallery-image elementor-gallery-item__image\" data-thumbnail=\"https:\/\/thess-odiki.gr\/wp-content\/uploads\/2022\/10\/THESS-ODIKI-SUPER-CARS-6-700x394.jpg\" data-width=\"700\" data-height=\"394\" aria-label=\"\" role=\"img\" ><\/div>\n\t\t\t\t\t\t\t\t\t\t\t<div class=\"elementor-gallery-item__overlay\"><\/div>\n\t\t\t\t\t\t\t\t\t\t\t\t\t\t<\/a>\n\t\t\t\t\t\t\t<a class=\"e-gallery-item elementor-gallery-item elementor-animated-content\" href=\"https:\/\/thess-odiki.gr\/wp-content\/uploads\/2022\/10\/THESS-ODIKI-SUPER-CARS-3.jpg\" data-elementor-open-lightbox=\"yes\" data-elementor-lightbox-slideshow=\"e1be442\" data-e-action-hash=\"#elementor-action%3Aaction%3Dlightbox%26settings%3DeyJpZCI6MTcxMiwidXJsIjoiaHR0cHM6XC9cL3RoZXNzLW9kaWtpLmdyXC93cC1jb250ZW50XC91cGxvYWRzXC8yMDIyXC8xMFwvVEhFU1MtT0RJS0ktU1VQRVItQ0FSUy0zLmpwZyIsInNsaWRlc2hvdyI6ImUxYmU0NDIifQ%3D%3D\">\n\t\t\t\t\t<div class=\"e-gallery-image elementor-gallery-item__image\" data-thumbnail=\"https:\/\/thess-odiki.gr\/wp-content\/uploads\/2022\/10\/THESS-ODIKI-SUPER-CARS-3-700x394.jpg\" data-width=\"700\" data-height=\"394\" aria-label=\"\" role=\"img\" ><\/div>\n\t\t\t\t\t\t\t\t\t\t\t<div class=\"elementor-gallery-item__overlay\"><\/div>\n\t\t\t\t\t\t\t\t\t\t\t\t\t\t<\/a>\n\t\t\t\t\t\t\t<a class=\"e-gallery-item elementor-gallery-item elementor-animated-content\" href=\"https:\/\/thess-odiki.gr\/wp-content\/uploads\/2022\/10\/thess-odiki-voitheia-thessaloniki-73.jpg\" data-elementor-open-lightbox=\"yes\" data-elementor-lightbox-slideshow=\"e1be442\" data-e-action-hash=\"#elementor-action%3Aaction%3Dlightbox%26settings%3DeyJpZCI6MTY5MywidXJsIjoiaHR0cHM6XC9cL3RoZXNzLW9kaWtpLmdyXC93cC1jb250ZW50XC91cGxvYWRzXC8yMDIyXC8xMFwvdGhlc3Mtb2Rpa2ktdm9pdGhlaWEtdGhlc3NhbG9uaWtpLTczLmpwZyIsInNsaWRlc2hvdyI6ImUxYmU0NDIifQ%3D%3D\">\n\t\t\t\t\t<div class=\"e-gallery-image elementor-gallery-item__image\" data-thumbnail=\"https:\/\/thess-odiki.gr\/wp-content\/uploads\/2022\/10\/thess-odiki-voitheia-thessaloniki-73-700x394.jpg\" data-width=\"700\" data-height=\"394\" aria-label=\"\u0395\u03a0\u0399\u03a3\u039a\u0395\u03a5\u0397 \u0395\u039b\u0391\u03a3\u03a4\u0399\u039a\u039f\u03a5\" role=\"img\" ><\/div>\n\t\t\t\t\t\t\t\t\t\t\t<div class=\"elementor-gallery-item__overlay\"><\/div>\n\t\t\t\t\t\t\t\t\t\t\t\t\t\t<\/a>\n\t\t\t\t\t<\/div>\n\t\t\t\t\t<\/div>\n\t\t\t\t<\/div>\n\t\t\t\t\t<\/div>\n\t\t<\/div>\n\t\t\t\t\t<\/div>\n\t\t<\/section>\n\t\t\t\t<\/div>\n\t\t","protected":false},"excerpt":{"rendered":"<p>Transport Super Makinash dhe Ngarkim i Sigurt i Mjeteve t\u00eb ul\u00ebta Ne marrim p\u00ebrsip\u00ebr transportin e super makinave dhe makinave luksoze n\u00eb m\u00ebnyr\u00eb t\u00eb sigurt dhe t\u00eb vazhdueshme. Ne kemi nj\u00eb platform\u00eb t\u00eb ve\u00e7ant\u00eb p\u00ebr ngarkimin e automjeteve t\u00eb ul\u00ebta p\u00ebr t\u00eb shmangur situatat e papritura.<\/p>\n","protected":false},"author":1,"featured_media":1714,"parent":0,"menu_order":0,"comment_status":"closed","ping_status":"closed","template":"","meta":{"site-sidebar-layout":"no-sidebar","site-content-layout":"page-builder","ast-site-content-layout":"default","site-content-style":"default","site-sidebar-style":"default","ast-global-header-display":"","ast-banner-title-visibility":"","ast-main-header-display":"","ast-hfb-above-header-display":"","ast-hfb-below-header-display":"","ast-hfb-mobile-header-display":"","site-post-title":"disabled","ast-breadcrumbs-content":"","ast-featured-img":"disabled","footer-sml-layout":"","theme-transparent-header-meta":"default","adv-header-id-meta":"","stick-header-meta":"","header-above-stick-meta":"","header-main-stick-meta":"","header-below-stick-meta":"","astra-migrate-meta-layouts":"default","ast-page-background-enabled":"default","ast-page-background-meta":{"desktop":{"background-color":"var(--ast-global-color-4)","background-image":"","background-repeat":"repeat","background-position":"center center","background-size":"auto","background-attachment":"scroll","background-type":"","background-media":"","overlay-type":"","overlay-color":"","overlay-opacity":"","overlay-gradient":""},"tablet":{"background-color":"","background-image":"","background-repeat":"repeat","background-position":"center center","background-size":"auto","background-attachment":"scroll","background-type":"","background-media":"","overlay-type":"","overlay-color":"","overlay-opacity":"","overlay-gradient":""},"mobile":{"background-color":"","background-image":"","background-repeat":"repeat","background-position":"center center","background-size":"auto","background-attachment":"scroll","background-type":"","background-media":"","overlay-type":"","overlay-color":"","overlay-opacity":"","overlay-gradient":""}},"ast-content-background-meta":{"desktop":{"background-color":"var(--ast-global-color-5)","background-image":"","background-repeat":"repeat","background-position":"center center","background-size":"auto","background-attachment":"scroll","background-type":"","background-media":"","overlay-type":"","overlay-color":"","overlay-opacity":"","overlay-gradient":""},"tablet":{"background-color":"var(--ast-global-color-5)","background-image":"","background-repeat":"repeat","background-position":"center center","background-size":"auto","background-attachment":"scroll","background-type":"","background-media":"","overlay-type":"","overlay-color":"","overlay-opacity":"","overlay-gradient":""},"mobile":{"background-color":"var(--ast-global-color-5)","background-image":"","background-repeat":"repeat","background-position":"center center","background-size":"auto","background-attachment":"scroll","background-type":"","background-media":"","overlay-type":"","overlay-color":"","overlay-opacity":"","overlay-gradient":""}},"footnotes":""},"class_list":["post-1840","page","type-page","status-publish","has-post-thumbnail","hentry"],"_links":{"self":[{"href":"https:\/\/thess-odiki.gr\/sq\/wp-json\/wp\/v2\/pages\/1840","targetHints":{"allow":["GET"]}}],"collection":[{"href":"https:\/\/thess-odiki.gr\/sq\/wp-json\/wp\/v2\/pages"}],"about":[{"href":"https:\/\/thess-odiki.gr\/sq\/wp-json\/wp\/v2\/types\/page"}],"author":[{"embeddable":true,"href":"https:\/\/thess-odiki.gr\/sq\/wp-json\/wp\/v2\/users\/1"}],"replies":[{"embeddable":true,"href":"https:\/\/thess-odiki.gr\/sq\/wp-json\/wp\/v2\/comments?post=1840"}],"version-history":[{"count":13,"href":"https:\/\/thess-odiki.gr\/sq\/wp-json\/wp\/v2\/pages\/1840\/revisions"}],"predecessor-version":[{"id":1856,"href":"https:\/\/thess-odiki.gr\/sq\/wp-json\/wp\/v2\/pages\/1840\/revisions\/1856"}],"wp:featuredmedia":[{"embeddable":true,"href":"https:\/\/thess-odiki.gr\/sq\/wp-json\/wp\/v2\/media\/1714"}],"wp:attachment":[{"href":"https:\/\/thess-odiki.gr\/sq\/wp-json\/wp\/v2\/media?parent=1840"}],"curies":[{"name":"wp","href":"https:\/\/api.w.org\/{rel}","templated":true}]}}